{"id":18,"date":"2025-06-30T22:16:24","date_gmt":"2025-06-30T20:16:24","guid":{"rendered":"https:\/\/gyakorlok.aninka.hu\/?page_id=18"},"modified":"2025-06-30T22:16:24","modified_gmt":"2025-06-30T20:16:24","slug":"referenciak-es-sikertortenetek","status":"publish","type":"page","link":"https:\/\/gyakorlok.aninka.hu\/?page_id=18","title":{"rendered":"Referenci\u00e1k \u00e9s sikert\u00f6rt\u00e9netek"},"content":{"rendered":"\n<p>Az \u00fcgyf\u00e9l el\u00e9gedetts\u00e9g fontos sz\u00e1munkra! B\u00fcszk\u00e9k vagyunk arra, hogy sz\u00e1mos sikeres projektet val\u00f3s\u00edtottunk meg, \u00e9s hogy \u00fcgyfeleink visszat\u00e9rnek hozz\u00e1nk. Ismerje meg, mit mondanak r\u00f3lunk azok, akik m\u00e1r megtapasztalt\u00e1k szolg\u00e1ltat\u00e1sainkat!<\/p>\n\n\n\n<p><strong>\u201cA Fl\u00f3raKert csapata val\u00f3ra v\u00e1ltotta \u00e1lmainkat. Most m\u00e1r minden reggel egy gy\u00f6ny\u00f6r\u0171 kertben kezd\u0151dik a napunk!\u201d<\/strong><br>\u2013 Anna \u00e9s P\u00e9ter, Budapest<\/p>\n\n\n\n<p><strong>\u201cProfesszion\u00e1lis, megb\u00edzhat\u00f3 \u00e9s innovat\u00edv \u2013 mindent, amit egy kert\u00e9p\u00edt\u0151 c\u00e9gt\u0151l elv\u00e1rhatunk.\u201d<\/strong><br>\u2013 Zolt\u00e1n, Debrecen<\/p>\n\n\n\n<p><strong>\u201cA k\u00f6zpark, amit a Fl\u00f3raKert tervezett \u00e9s \u00e9p\u00edtett, az eg\u00e9sz k\u00f6z\u00f6ss\u00e9g sz\u00e1m\u00e1ra \u00f6r\u00f6m\u00f6t hozott. K\u00f6sz\u00f6nj\u00fck!\u201d<\/strong><br>\u2013 M\u00e1ria, Polg\u00e1rmester, Gy\u0151r<\/p>\n\n\n\n<p><strong>\u201cTam\u00e1s\u00e9k nem csak egy kertet \u00e9p\u00edtettek, hanem egy otthont teremtettek a szabadban! Fantasztikus munka!\u201d<\/strong><br>\u2013 Gabriella, Szeged<\/p>\n\n\n\n<p><strong>\u201cNem hittem volna, hogy egy k\u00f6zpark ennyire meg tudja v\u00e1ltoztatni a k\u00f6rny\u00e9k hangulat\u00e1t.\u201d<\/strong><br>\u2013 J\u00f3zsef, V\u00e1rosi Tan\u00e1cs, P\u00e9cs<\/p>\n\n\n\n<p><strong>\u201cAz eredm\u00e9ny egy l\u00e9legzetel\u00e1ll\u00edt\u00f3 kert, amit b\u00fcszk\u00e9n mutatok meg a vend\u00e9geimnek.\u201d<\/strong><br>\u2013 Lilla, Eger<\/p>\n\n\n\n<p><strong>\u201cA [C\u00e9g neve] nem csak a kert\u00e9p\u00edt\u00e9sben, de az \u00fcgyf\u00e9lkiszolg\u00e1l\u00e1sban is jeleskedik. Minden k\u00e9rd\u00e9semre azonnal v\u00e1laszt kaptam, \u00e9s a projekt minden f\u00e1zis\u00e1ban t\u00e1j\u00e9koztattak.\u201d<\/strong><br>\u2013 G\u00e1bor, Kecskem\u00e9t<\/p>\n\n\n\n<p><strong>\u201cA kert\u00fcnk lett a h\u00e1z \u00e9kk\u00f6ve. Professzion\u00e1lis munka, gy\u00f6ny\u00f6r\u0171 eredm\u00e9ny.\u201d<\/strong><br>\u2013 Eszter \u00e9s M\u00e1t\u00e9, Sopron<\/p>\n\n\n\n<p><strong>\u201cMinden t\u00f6k\u00e9letesen illeszkedik, \u00e9s a biztons\u00e1g\u00e9rzetem is n\u0151tt.\u201d<\/strong><br>\u2013 Istv\u00e1n, Sz\u00e9kesfeh\u00e9rv\u00e1r<\/p>\n\n\n\n<h3 class=\"wp-block-heading\">Mi\u00e9rt ne lehetne \u00d6n is egy sikert\u00f6rt\u00e9net?<\/h3>\n\n\n\n<p>Ha k\u00e9szen \u00e1ll arra, hogy csatlakozzon el\u00e9gedett \u00fcgyfeleink sor\u00e1hoz, \u00e9s megval\u00f3s\u00edtsa \u00e1lmai kertj\u00e9t vagy parkj\u00e1t, l\u00e9pjen kapcsolatba vel\u00fcnk most!<\/p>\n","protected":false},"excerpt":{"rendered":"<p>Az \u00fcgyf\u00e9l el\u00e9gedetts\u00e9g fontos sz\u00e1munkra! B\u00fcszk\u00e9k vagyunk arra, hogy sz\u00e1mos sikeres projektet val\u00f3s\u00edtottunk meg, \u00e9s hogy \u00fcgyfeleink visszat\u00e9rnek hozz\u00e1nk. Ismerje meg, mit mondanak r\u00f3lunk azok, akik m\u00e1r megtapasztalt\u00e1k szolg\u00e1ltat\u00e1sainkat! \u201cA Fl\u00f3raKert csapata val\u00f3ra v\u00e1ltotta \u00e1lmainkat. Most m\u00e1r minden reggel egy gy\u00f6ny\u00f6r\u0171 kertben kezd\u0151dik a napunk!\u201d\u2013 Anna \u00e9s P\u00e9ter, Budapest \u201cProfesszion\u00e1lis, megb\u00edzhat\u00f3 \u00e9s innovat\u00edv \u2013 mindent, [&hellip;]<\/p>\n","protected":false},"author":1,"featured_media":0,"parent":0,"menu_order":5,"comment_status":"closed","ping_status":"closed","template":"","meta":{"footnotes":""},"class_list":["post-18","page","type-page","status-publish","hentry"],"_links":{"self":[{"href":"https:\/\/gyakorlok.aninka.hu\/index.php?rest_route=\/wp\/v2\/pages\/18","targetHints":{"allow":["GET"]}}],"collection":[{"href":"https:\/\/gyakorlok.aninka.hu\/index.php?rest_route=\/wp\/v2\/pages"}],"about":[{"href":"https:\/\/gyakorlok.aninka.hu\/index.php?rest_route=\/wp\/v2\/types\/page"}],"author":[{"embeddable":true,"href":"https:\/\/gyakorlok.aninka.hu\/index.php?rest_route=\/wp\/v2\/users\/1"}],"replies":[{"embeddable":true,"href":"https:\/\/gyakorlok.aninka.hu\/index.php?rest_route=%2Fwp%2Fv2%2Fcomments&post=18"}],"version-history":[{"count":1,"href":"https:\/\/gyakorlok.aninka.hu\/index.php?rest_route=\/wp\/v2\/pages\/18\/revisions"}],"predecessor-version":[{"id":19,"href":"https:\/\/gyakorlok.aninka.hu\/index.php?rest_route=\/wp\/v2\/pages\/18\/revisions\/19"}],"wp:attachment":[{"href":"https:\/\/gyakorlok.aninka.hu\/index.php?rest_route=%2Fwp%2Fv2%2Fmedia&parent=18"}],"curies":[{"name":"wp","href":"https:\/\/api.w.org\/{rel}","templated":true}]}}