{"id":26,"date":"2025-06-30T22:19:00","date_gmt":"2025-06-30T20:19:00","guid":{"rendered":"https:\/\/gyakorlok.aninka.hu\/?page_id=26"},"modified":"2025-06-30T22:19:00","modified_gmt":"2025-06-30T20:19:00","slug":"ajanlatkeres","status":"publish","type":"page","link":"https:\/\/gyakorlok.aninka.hu\/?page_id=26","title":{"rendered":"Aj\u00e1nlatk\u00e9r\u00e9s"},"content":{"rendered":"\n<p>K\u00e9rjen aj\u00e1nlatot kert\u00e9p\u00edt\u00e9si, parkrendez\u00e9si vagy egy\u00e9b szolg\u00e1ltat\u00e1sainkra egyszer\u0171en \u00e9s gyorsan!<\/p>\n\n\n\n<h3 class=\"wp-block-heading\">Kapcsolatfelv\u00e9teli \u0170rlap<\/h3>\n\n\n\n<p>Miut\u00e1n megkaptuk aj\u00e1nlatk\u00e9r\u00e9s\u00e9t, 48 \u00f3r\u00e1n bel\u00fcl felvesz\u00fcnk \u00d6nnel a kapcsolatot, hogy r\u00e9szletesen megbesz\u00e9lj\u00fck az ig\u00e9nyeit \u00e9s elk\u00e9pzel\u00e9seit.<\/p>\n\n\n\n<p><strong>N\u00e9v<\/strong>: K\u00e9rem, adja meg teljes nev\u00e9t.&nbsp;<em>(k\u00f6telez\u0151)<\/em><br><strong>E-mail c\u00edm<\/strong>: K\u00e9rem, adja meg e-mail c\u00edm\u00e9t.&nbsp;<em>(k\u00f6telez\u0151)<\/em><br><strong>Telefonsz\u00e1m<\/strong>: K\u00e9rem, adja meg telefonsz\u00e1m\u00e1t.<br><strong>V\u00e1lasztott szolg\u00e1ltat\u00e1s<\/strong>: V\u00e1lassza ki, melyik szolg\u00e1ltat\u00e1sunk \u00e9rdekli.&nbsp;<em>(pl. kert\u00e9p\u00edt\u00e9s, parkrendez\u00e9s, t\u00f3\u00e9p\u00edt\u00e9s, egy\u00e9b stb.)<\/em><br><strong>\u00dczenet vagy projekt le\u00edr\u00e1sa<\/strong>: K\u00e9rem, \u00edrja le r\u00f6viden, milyen projektet szeretne megval\u00f3s\u00edtani.<br><strong>F\u00e1jlok csatol\u00e1sa<\/strong>: Itt csatolhatja tervrajzait, k\u00e9peit vagy egy\u00e9b dokumentumait.<\/p>\n\n\n\n<h3 class=\"wp-block-heading\">Kapcsolat<\/h3>\n\n\n\n<p><strong>E-mail c\u00edm<\/strong>:&nbsp;<a href=\"mailto:info@cegnev.hu\">info@cegnev.hu<\/a><br><strong>Telefonsz\u00e1m<\/strong>: +36 30 123 4567<br><strong>\u00dcgyf\u00e9lszolg\u00e1lati \u00f3r\u00e1k<\/strong>: H\u00e9tf\u0151t\u0151l p\u00e9ntekig, 9:00\u201317:00 k\u00f6z\u00f6tt.<\/p>\n","protected":false},"excerpt":{"rendered":"<p>K\u00e9rjen aj\u00e1nlatot kert\u00e9p\u00edt\u00e9si, parkrendez\u00e9si vagy egy\u00e9b szolg\u00e1ltat\u00e1sainkra egyszer\u0171en \u00e9s gyorsan! Kapcsolatfelv\u00e9teli \u0170rlap Miut\u00e1n megkaptuk aj\u00e1nlatk\u00e9r\u00e9s\u00e9t, 48 \u00f3r\u00e1n bel\u00fcl felvesz\u00fcnk \u00d6nnel a kapcsolatot, hogy r\u00e9szletesen megbesz\u00e9lj\u00fck az ig\u00e9nyeit \u00e9s elk\u00e9pzel\u00e9seit. N\u00e9v: K\u00e9rem, adja meg teljes nev\u00e9t.&nbsp;(k\u00f6telez\u0151)E-mail c\u00edm: K\u00e9rem, adja meg e-mail c\u00edm\u00e9t.&nbsp;(k\u00f6telez\u0151)Telefonsz\u00e1m: K\u00e9rem, adja meg telefonsz\u00e1m\u00e1t.V\u00e1lasztott szolg\u00e1ltat\u00e1s: V\u00e1lassza ki, melyik szolg\u00e1ltat\u00e1sunk \u00e9rdekli.&nbsp;(pl. kert\u00e9p\u00edt\u00e9s, parkrendez\u00e9s, t\u00f3\u00e9p\u00edt\u00e9s, egy\u00e9b [&hellip;]<\/p>\n","protected":false},"author":1,"featured_media":0,"parent":0,"menu_order":2,"comment_status":"closed","ping_status":"closed","template":"","meta":{"footnotes":""},"class_list":["post-26","page","type-page","status-publish","hentry"],"_links":{"self":[{"href":"https:\/\/gyakorlok.aninka.hu\/index.php?rest_route=\/wp\/v2\/pages\/26","targetHints":{"allow":["GET"]}}],"collection":[{"href":"https:\/\/gyakorlok.aninka.hu\/index.php?rest_route=\/wp\/v2\/pages"}],"about":[{"href":"https:\/\/gyakorlok.aninka.hu\/index.php?rest_route=\/wp\/v2\/types\/page"}],"author":[{"embeddable":true,"href":"https:\/\/gyakorlok.aninka.hu\/index.php?rest_route=\/wp\/v2\/users\/1"}],"replies":[{"embeddable":true,"href":"https:\/\/gyakorlok.aninka.hu\/index.php?rest_route=%2Fwp%2Fv2%2Fcomments&post=26"}],"version-history":[{"count":1,"href":"https:\/\/gyakorlok.aninka.hu\/index.php?rest_route=\/wp\/v2\/pages\/26\/revisions"}],"predecessor-version":[{"id":27,"href":"https:\/\/gyakorlok.aninka.hu\/index.php?rest_route=\/wp\/v2\/pages\/26\/revisions\/27"}],"wp:attachment":[{"href":"https:\/\/gyakorlok.aninka.hu\/index.php?rest_route=%2Fwp%2Fv2%2Fmedia&parent=26"}],"curies":[{"name":"wp","href":"https:\/\/api.w.org\/{rel}","templated":true}]}}