{"id":9,"date":"2025-06-30T22:11:58","date_gmt":"2025-06-30T20:11:58","guid":{"rendered":"https:\/\/gyakorlok.aninka.hu\/?page_id=9"},"modified":"2025-07-01T00:00:27","modified_gmt":"2025-06-30T22:00:27","slug":"kezdolap","status":"publish","type":"page","link":"https:\/\/gyakorlok.aninka.hu\/","title":{"rendered":"Kezd\u0151lap"},"content":{"rendered":"\n<p><strong>Hero:<\/strong><\/p>\n\n\n\n<p><em>Ahol a term\u00e9szet \u00e9s a kreativit\u00e1s tal\u00e1lkozik, \u00e9s \u00e1lmai kertje val\u00f3s\u00e1gg\u00e1 v\u00e1lik.<\/em><\/p>\n\n\n\n<p>A v\u00e1llalkoz\u00e1sunk kert\u00e9p\u00edt\u00e9ssel, parkrendez\u00e9ssel, kerti t\u00f3 \u00e9s sziklakert \u00e9p\u00edt\u00e9ssel foglalkozik. C\u00e9lunk olyan&nbsp;<strong>gy\u00f6ny\u00f6r\u0171 \u00e9s funkci\u00f3n\u00e1lis kertek l\u00e9trehoz\u00e1sa<\/strong>, amelyek \u00f6r\u00f6met okoznak \u00fcgyfeleiknek, \u00e9s a term\u00e9szet harm\u00f3ni\u00e1j\u00e1t hozz\u00e1k be az otthonaikba \u00e9s k\u00f6rnyezet\u00fckbe.<\/p>\n\n\n\n<p><strong>Szolg\u00e1ltat\u00e1sok:<\/strong><\/p>\n\n\n\n<p><strong>Kert\u00e9p\u00edt\u00e9s \u00e9s Parkrendez\u00e9s \u2013 Az \u00d6n Elk\u00e9pzel\u00e9seinek \u00c9letre Kel\u00e9se<\/strong><\/p>\n\n\n\n<p>B\u00e1rmilyen elk\u00e9pzel\u00e9se is van, mi megtervezz\u00fck \u00e9s kivitelezz\u00fck. Legyen sz\u00f3 egy kisv\u00e1rosi kert romantikus hangulatr\u00f3l, egy modern v\u00e1rosi dzsungelr\u0151l vagy egy t\u00e1gas park nyugalm\u00e1r\u00f3l, a Fl\u00f3raKert csapata k\u00e9szen \u00e1ll, hogy val\u00f3s\u00e1gg\u00e1 v\u00e1ltsa az \u00e1lmait.<\/p>\n\n\n\n<p><strong>Kert\u00e9p\u00edt\u00e9s:<\/strong>&nbsp;Kertj\u00e9nek tervez\u00e9se egy kreat\u00edv utaz\u00e1s, ahol az \u00d6n elk\u00e9pzel\u00e9seit, st\u00edlus\u00e1t \u00e9s ig\u00e9nyeit vessz\u00fck figyelembe. Egy\u00fcttm\u0171k\u00f6dve alak\u00edtjuk ki az egyedi teret, ahol a term\u00e9szet \u00e9s a m\u0171v\u00e9szet tal\u00e1lkozik.<\/p>\n\n\n\n<p><strong>Parkrendez\u00e9s:<\/strong>&nbsp;V\u00e1rosi parkok, k\u00f6z\u00f6ss\u00e9gi terek vagy mag\u00e1nkertek \u2013 mindegyiket szeretettel \u00e1polt \u00e9s harmonikus helysz\u00ednn\u00e9 alak\u00edtjuk \u00e1t. Az \u00e9lhet\u0151 v\u00e1rosok \u00e9s k\u00e9nyelmes otthonok \u00e9p\u00edt\u00e9s\u00e9ben j\u00e1rtasak vagyunk.<\/p>\n\n\n\n<p><strong>Kerti T\u00f3 \u00e9s Sziklakert \u00c9p\u00edt\u00e9s:<\/strong>&nbsp;A v\u00edz \u00e9s k\u0151 var\u00e1zslata. Leny\u0171g\u00f6z\u0151 kerti tavakat \u00e9s sziklakerteket hozunk l\u00e9tre, amelyek kikapcsol\u00f3d\u00e1st \u00e9s harm\u00f3ni\u00e1t hoznak a kertj\u00e9be. A term\u00e9szeti elemek \u00f6sszehangol\u00e1sa m\u0171v\u00e9szet.<\/p>\n\n\n\n<p><strong>Kik vagyunk?<\/strong>&nbsp;A Fl\u00f3raKert egy szenved\u00e9lyesen elk\u00f6telezett csapat, amely kert\u00e9p\u00edt\u00e9ssel, parkrendez\u00e9ssel \u00e9s term\u00e9szetk\u00f6zeli kertek l\u00e9trehoz\u00e1s\u00e1val foglalkozik. Alap\u00edt\u00f3ink, Kocsis Tam\u00e1s \u00e9s Bal\u00e1zs testv\u00e9rp\u00e1r, gyermekkorukt\u00f3l kezdve a term\u00e9szet ir\u00e1nti szeretettel \u00e9s a kert\u00e9szked\u00e9s var\u00e1zs\u00e1val n\u0151ttek fel. Ma m\u00e1r egy 8 f\u0151s szak\u00e9rt\u0151kb\u0151l \u00e1ll\u00f3 csapat vagyunk, akik mindannyian azzal a c\u00e9llal dolgozunk, hogy megteremts\u00fck az \u00d6n \u00e1lmai kertj\u00e9t.<\/p>\n\n\n\n<p><strong>Mit k\u00edn\u00e1lunk?<\/strong><\/p>\n\n\n\n<ul class=\"wp-block-list\">\n<li><strong>Kert\u00e9p\u00edt\u00e9s:<\/strong>&nbsp;A kert tervez\u00e9s\u00e9t\u0151l az utols\u00f3 n\u00f6v\u00e9ny elhelyez\u00e9s\u00e9ig mindent elv\u00e9gz\u00fcnk. Az \u00d6n kertje egyedi lesz, \u00e9s minden r\u00e9szlet\u00e9t gondosan megtervezz\u00fck \u00e9s kivitelezz\u00fck.<\/li>\n\n\n\n<li><strong>Parkfenntart\u00e1s:<\/strong>&nbsp;K\u00f6zter\u00fcletek, parkok \u00e9s kertek gondoz\u00e1sa \u00e9s fenntart\u00e1sa a v\u00e1ros sz\u00e9ps\u00e9g\u00e9\u00e9rt \u00e9s a term\u00e9szettel val\u00f3 harm\u00f3nia megteremt\u00e9s\u00e9\u00e9rt.<\/li>\n\n\n\n<li><strong>Kerti t\u00f3 \u00e9s sziklakert \u00e9p\u00edt\u00e9s:<\/strong>\u00a0Hozzunk l\u00e9tre leny\u0171g\u00f6z\u0151 kerti tavakat \u00e9s sziklakerteket, amelyekben a term\u00e9szetes sz\u00e9ps\u00e9g \u00e9s a nyugalom tal\u00e1lkozik.<\/li>\n<\/ul>\n\n\n\n<p>Kerti T\u00f3<\/p>\n\n\n\n<p><strong>Mi\u00e9rt minket v\u00e1lasszon?<\/strong><\/p>\n\n\n\n<ul class=\"wp-block-list\">\n<li><strong>Tapasztalt csapat:<\/strong>&nbsp;Az \u00e9vek sor\u00e1n sz\u00e1mos kertet \u00e9s parkot hoztunk l\u00e9tre, \u00e9s sz\u00e1mos el\u00e9gedett \u00fcgyfel\u00fcnk van, akik szolg\u00e1ltat\u00e1saink min\u0151s\u00e9g\u00e9t dics\u00e9rik.<\/li>\n\n\n\n<li><strong>Fenntarthat\u00f3s\u00e1g:<\/strong>&nbsp;Minden projekt sor\u00e1n fenntarthat\u00f3 kerttervez\u00e9si elveket alkalmazunk, hogy seg\u00edts\u00fck a biodiverzit\u00e1st \u00e9s a term\u00e9szeti k\u00f6rnyezet meg\u0151rz\u00e9s\u00e9t.<\/li>\n\n\n\n<li><strong>Egyedi tervez\u00e9s:<\/strong>&nbsp;Minden kert egyedi, \u00e9s mi odafigyel\u00fcnk az \u00d6n egyedi ig\u00e9nyeire \u00e9s st\u00edlus\u00e1ra.<\/li>\n<\/ul>\n\n\n\n<p><strong>Tartsa vel\u00fcnk l\u00e9p\u00e9st!<\/strong><\/p>\n\n\n\n<ul class=\"wp-block-list\">\n<li>Ismerje meg a legfrissebb kert\u00e9szeti trendeket \u00e9s tippeket a&nbsp;<a href=\"https:\/\/chat.openai.com\/c\/blog-link\">Blogunkban<\/a>, ahol szak\u00e9rt\u0151ink osztj\u00e1k meg tan\u00e1csaikat \u00e9s inspir\u00e1ci\u00f3ikat.<\/li>\n\n\n\n<li>Iratkozzon fel h\u00edrlevel\u00fcnkre, hogy els\u0151k\u00e9nt \u00e9rtes\u00fclj\u00f6n az \u00faj projektekr\u0151l \u00e9s k\u00fcl\u00f6nleges aj\u00e1nlatainkr\u00f3l.<\/li>\n<\/ul>\n","protected":false},"excerpt":{"rendered":"<p>Hero: Ahol a term\u00e9szet \u00e9s a kreativit\u00e1s tal\u00e1lkozik, \u00e9s \u00e1lmai kertje val\u00f3s\u00e1gg\u00e1 v\u00e1lik. A v\u00e1llalkoz\u00e1sunk kert\u00e9p\u00edt\u00e9ssel, parkrendez\u00e9ssel, kerti t\u00f3 \u00e9s sziklakert \u00e9p\u00edt\u00e9ssel foglalkozik. C\u00e9lunk olyan&nbsp;gy\u00f6ny\u00f6r\u0171 \u00e9s funkci\u00f3n\u00e1lis kertek l\u00e9trehoz\u00e1sa, amelyek \u00f6r\u00f6met okoznak \u00fcgyfeleiknek, \u00e9s a term\u00e9szet harm\u00f3ni\u00e1j\u00e1t hozz\u00e1k be az otthonaikba \u00e9s k\u00f6rnyezet\u00fckbe. Szolg\u00e1ltat\u00e1sok: Kert\u00e9p\u00edt\u00e9s \u00e9s Parkrendez\u00e9s \u2013 Az \u00d6n Elk\u00e9pzel\u00e9seinek \u00c9letre Kel\u00e9se B\u00e1rmilyen elk\u00e9pzel\u00e9se [&hellip;]<\/p>\n","protected":false},"author":1,"featured_media":0,"parent":0,"menu_order":9,"comment_status":"closed","ping_status":"closed","template":"","meta":{"footnotes":""},"class_list":["post-9","page","type-page","status-publish","hentry"],"_links":{"self":[{"href":"https:\/\/gyakorlok.aninka.hu\/index.php?rest_route=\/wp\/v2\/pages\/9","targetHints":{"allow":["GET"]}}],"collection":[{"href":"https:\/\/gyakorlok.aninka.hu\/index.php?rest_route=\/wp\/v2\/pages"}],"about":[{"href":"https:\/\/gyakorlok.aninka.hu\/index.php?rest_route=\/wp\/v2\/types\/page"}],"author":[{"embeddable":true,"href":"https:\/\/gyakorlok.aninka.hu\/index.php?rest_route=\/wp\/v2\/users\/1"}],"replies":[{"embeddable":true,"href":"https:\/\/gyakorlok.aninka.hu\/index.php?rest_route=%2Fwp%2Fv2%2Fcomments&post=9"}],"version-history":[{"count":4,"href":"https:\/\/gyakorlok.aninka.hu\/index.php?rest_route=\/wp\/v2\/pages\/9\/revisions"}],"predecessor-version":[{"id":103,"href":"https:\/\/gyakorlok.aninka.hu\/index.php?rest_route=\/wp\/v2\/pages\/9\/revisions\/103"}],"wp:attachment":[{"href":"https:\/\/gyakorlok.aninka.hu\/index.php?rest_route=%2Fwp%2Fv2%2Fmedia&parent=9"}],"curies":[{"name":"wp","href":"https:\/\/api.w.org\/{rel}","templated":true}]}}